{"id":213,"date":"2024-03-29T10:45:12","date_gmt":"2024-03-29T09:45:12","guid":{"rendered":"https:\/\/afmmetallerie.fr\/?page_id=213"},"modified":"2024-05-10T15:06:29","modified_gmt":"2024-05-10T13:06:29","slug":"passerelles","status":"publish","type":"page","link":"https:\/\/afmmetallerie.fr\/index.php\/passerelles\/","title":{"rendered":"Passerelles"},"content":{"rendered":"\t\t<div data-elementor-type=\"wp-page\" data-elementor-id=\"213\" class=\"elementor elementor-213\">\n\t\t\t\t<div class=\"elementor-element elementor-element-2753214 e-flex e-con-boxed e-con e-parent\" data-id=\"2753214\" data-element_type=\"container\">\n\t\t\t\t\t<div class=\"e-con-inner\">\n\t\t\t\t<div class=\"elementor-element elementor-element-f7c05f3 elementor-widget elementor-widget-text-editor\" data-id=\"f7c05f3\" data-element_type=\"widget\" data-widget_type=\"text-editor.default\">\n\t\t\t\t<div class=\"elementor-widget-container\">\n\t\t\t<style>\/*! elementor - v3.21.0 - 25-04-2024 *\/\n.elementor-widget-text-editor.elementor-drop-cap-view-stacked .elementor-drop-cap{background-color:#69727d;color:#fff}.elementor-widget-text-editor.elementor-drop-cap-view-framed .elementor-drop-cap{color:#69727d;border:3px solid;background-color:transparent}.elementor-widget-text-editor:not(.elementor-drop-cap-view-default) .elementor-drop-cap{margin-top:8px}.elementor-widget-text-editor:not(.elementor-drop-cap-view-default) .elementor-drop-cap-letter{width:1em;height:1em}.elementor-widget-text-editor .elementor-drop-cap{float:left;text-align:center;line-height:1;font-size:50px}.elementor-widget-text-editor .elementor-drop-cap-letter{display:inline-block}<\/style>\t\t\t\t<p style=\"text-align: center;\">Nous n&rsquo;avons pour le moment pas de passerelles. Revenez bient\u00f4t pour les d\u00e9couvrir.\u00a0<\/p><p style=\"text-align: center;\">En cas de besoin, n&rsquo;h\u00e9siter pas \u00e0 contacter nos \u00e9quipes.\u00a0\u00a0<\/p>\t\t\t\t\t\t<\/div>\n\t\t\t\t<\/div>\n\t\t\t\t\t<\/div>\n\t\t\t\t<\/div>\n\t\t\t\t<\/div>\n\t\t","protected":false},"excerpt":{"rendered":"<p>Nous n&rsquo;avons pour le moment pas de passerelles. Revenez bient\u00f4t pour les d\u00e9couvrir.\u00a0 En cas de besoin, n&rsquo;h\u00e9siter pas \u00e0 contacter nos \u00e9quipes.\u00a0\u00a0<\/p>\n","protected":false},"author":1,"featured_media":0,"parent":0,"menu_order":0,"comment_status":"closed","ping_status":"closed","template":"","meta":{"footnotes":""},"class_list":["post-213","page","type-page","status-publish","hentry"],"featured_media_urls":[],"_links":{"self":[{"href":"https:\/\/afmmetallerie.fr\/index.php\/wp-json\/wp\/v2\/pages\/213","targetHints":{"allow":["GET"]}}],"collection":[{"href":"https:\/\/afmmetallerie.fr\/index.php\/wp-json\/wp\/v2\/pages"}],"about":[{"href":"https:\/\/afmmetallerie.fr\/index.php\/wp-json\/wp\/v2\/types\/page"}],"author":[{"embeddable":true,"href":"https:\/\/afmmetallerie.fr\/index.php\/wp-json\/wp\/v2\/users\/1"}],"replies":[{"embeddable":true,"href":"https:\/\/afmmetallerie.fr\/index.php\/wp-json\/wp\/v2\/comments?post=213"}],"version-history":[{"count":4,"href":"https:\/\/afmmetallerie.fr\/index.php\/wp-json\/wp\/v2\/pages\/213\/revisions"}],"predecessor-version":[{"id":7392,"href":"https:\/\/afmmetallerie.fr\/index.php\/wp-json\/wp\/v2\/pages\/213\/revisions\/7392"}],"wp:attachment":[{"href":"https:\/\/afmmetallerie.fr\/index.php\/wp-json\/wp\/v2\/media?parent=213"}],"curies":[{"name":"wp","href":"https:\/\/api.w.org\/{rel}","templated":true}]}}