{"id":277,"date":"2024-04-03T11:39:44","date_gmt":"2024-04-03T09:39:44","guid":{"rendered":"https:\/\/afmmetallerie.fr\/?page_id=277"},"modified":"2024-05-09T14:57:27","modified_gmt":"2024-05-09T12:57:27","slug":"qui-sommes-nous-2","status":"publish","type":"page","link":"https:\/\/afmmetallerie.fr\/index.php\/qui-sommes-nous-2\/","title":{"rendered":"Qui sommes-nous?"},"content":{"rendered":"\t\t<div data-elementor-type=\"wp-page\" data-elementor-id=\"277\" class=\"elementor elementor-277\">\n\t\t\t\t<div class=\"elementor-element elementor-element-421ecd5 e-flex e-con-boxed e-con e-parent\" data-id=\"421ecd5\" data-element_type=\"container\">\n\t\t\t\t\t<div class=\"e-con-inner\">\n\t\t\t\t<div class=\"elementor-element elementor-element-9e9eb7c e-transform elementor-invisible elementor-widget elementor-widget-image\" data-id=\"9e9eb7c\" data-element_type=\"widget\" data-settings=\"{&quot;_animation&quot;:&quot;fadeInDown&quot;,&quot;_transform_scale_effect&quot;:{&quot;unit&quot;:&quot;px&quot;,&quot;size&quot;:1,&quot;sizes&quot;:[]},&quot;_transform_scale_effect_tablet&quot;:{&quot;unit&quot;:&quot;px&quot;,&quot;size&quot;:&quot;&quot;,&quot;sizes&quot;:[]},&quot;_transform_scale_effect_mobile&quot;:{&quot;unit&quot;:&quot;px&quot;,&quot;size&quot;:&quot;&quot;,&quot;sizes&quot;:[]}}\" data-widget_type=\"image.default\">\n\t\t\t\t<div class=\"elementor-widget-container\">\n\t\t\t<style>\/*! elementor - v3.21.0 - 25-04-2024 *\/\n.elementor-widget-image{text-align:center}.elementor-widget-image a{display:inline-block}.elementor-widget-image a img[src$=\".svg\"]{width:48px}.elementor-widget-image img{vertical-align:middle;display:inline-block}<\/style>\t\t\t\t\t\t\t\t\t\t<img fetchpriority=\"high\" decoding=\"async\" width=\"950\" height=\"635\" src=\"https:\/\/afmmetallerie.fr\/wp-content\/uploads\/2024\/04\/IMG_8083-1024x684.jpg\" class=\"attachment-large size-large wp-image-307\" alt=\"\" srcset=\"https:\/\/afmmetallerie.fr\/wp-content\/uploads\/2024\/04\/IMG_8083-1024x684.jpg 1024w, https:\/\/afmmetallerie.fr\/wp-content\/uploads\/2024\/04\/IMG_8083-300x200.jpg 300w, https:\/\/afmmetallerie.fr\/wp-content\/uploads\/2024\/04\/IMG_8083-2000x1335.jpg 2000w, https:\/\/afmmetallerie.fr\/wp-content\/uploads\/2024\/04\/IMG_8083-scaled-1536x1025.jpg 1536w, https:\/\/afmmetallerie.fr\/wp-content\/uploads\/2024\/04\/IMG_8083-scaled-2048x1367.jpg 2048w, https:\/\/afmmetallerie.fr\/wp-content\/uploads\/2024\/04\/IMG_8083-scaled-600x401.jpg 600w, https:\/\/afmmetallerie.fr\/wp-content\/uploads\/2024\/04\/IMG_8083-scaled-1200x801.jpg 1200w\" sizes=\"100vw\" \/>\t\t\t\t\t\t\t\t\t\t\t\t\t<\/div>\n\t\t\t\t<\/div>\n\t\t\t\t\t<\/div>\n\t\t\t\t<\/div>\n\t\t<div class=\"elementor-element elementor-element-4a53bd2 e-flex e-con-boxed e-con e-parent\" data-id=\"4a53bd2\" data-element_type=\"container\">\n\t\t\t\t\t<div class=\"e-con-inner\">\n\t\t\t\t<div class=\"elementor-element elementor-element-6208e0e elementor-invisible elementor-widget elementor-widget-text-editor\" data-id=\"6208e0e\" data-element_type=\"widget\" data-settings=\"{&quot;_animation&quot;:&quot;fadeInDown&quot;}\" data-widget_type=\"text-editor.default\">\n\t\t\t\t<div class=\"elementor-widget-container\">\n\t\t\t<style>\/*! elementor - v3.21.0 - 25-04-2024 *\/\n.elementor-widget-text-editor.elementor-drop-cap-view-stacked .elementor-drop-cap{background-color:#69727d;color:#fff}.elementor-widget-text-editor.elementor-drop-cap-view-framed .elementor-drop-cap{color:#69727d;border:3px solid;background-color:transparent}.elementor-widget-text-editor:not(.elementor-drop-cap-view-default) .elementor-drop-cap{margin-top:8px}.elementor-widget-text-editor:not(.elementor-drop-cap-view-default) .elementor-drop-cap-letter{width:1em;height:1em}.elementor-widget-text-editor .elementor-drop-cap{float:left;text-align:center;line-height:1;font-size:50px}.elementor-widget-text-editor .elementor-drop-cap-letter{display:inline-block}<\/style>\t\t\t\t<p><span style=\"color: #000000;\">Notre soci\u00e9t\u00e9 AFM-Atelier de Fabrication de M\u00e9tallerie a d\u00e9but\u00e9 son activit\u00e9 en 2005 dans le cadre du dispositif Cap Cr\u00e9ation Sarthe fruit d\u2019un partenariat entre Carrefour Entreprise et le Conseil G\u00e9n\u00e9ral de la Sarthe.\u00a0<\/span><\/p><p><span style=\"color: #000000; font-family: var( --e-global-typography-text-font-family ), Sans-serif; font-weight: var( --e-global-typography-text-font-weight ); text-align: var(--text-align);\">Notre exp\u00e9rience de plusieurs ann\u00e9es en m\u00e9tallerie, et, en tant que\u00a0cadres au sein d\u2019un groupe, nous a naturellement dirig\u00e9s, vers la cr\u00e9ation d\u2019une structure nous permettant ainsi de d\u00e9fendre nos valeurs.<\/span><\/p><p><span style=\"color: #000000;\">Nous sommes une \u00e9quipe de professionnels sp\u00e9cialis\u00e9e dans les travaux de serrurerie-m\u00e9tallerie, tr\u00e8s attach\u00e9s \u00e0\u00a0<\/span><span style=\"color: #000000;\">l\u2019esprit d\u2019artisan et aux bases traditionnelles du savoir-faire de nos compagnons.<\/span><\/p><p style=\"padding-left: 120px;\"><img decoding=\"async\" class=\"size-medium wp-image-656 aligncenter\" src=\"http:\/\/afmmetallerie.fr\/wp-content\/uploads\/2024\/04\/IMG_7785-200x300.jpg\" alt=\"\" width=\"200\" height=\"300\" srcset=\"https:\/\/afmmetallerie.fr\/wp-content\/uploads\/2024\/04\/IMG_7785-200x300.jpg 200w, https:\/\/afmmetallerie.fr\/wp-content\/uploads\/2024\/04\/IMG_7785-684x1024.jpg 684w, https:\/\/afmmetallerie.fr\/wp-content\/uploads\/2024\/04\/IMG_7785-scaled-1025x1536.jpg 1025w, https:\/\/afmmetallerie.fr\/wp-content\/uploads\/2024\/04\/IMG_7785-scaled-1367x2048.jpg 1367w, https:\/\/afmmetallerie.fr\/wp-content\/uploads\/2024\/04\/IMG_7785-scaled-600x900.jpg 600w, https:\/\/afmmetallerie.fr\/wp-content\/uploads\/2024\/04\/IMG_7785-scaled-1200x1800.jpg 1200w, https:\/\/afmmetallerie.fr\/wp-content\/uploads\/2024\/04\/IMG_7785-scaled.jpg 1709w\" sizes=\"(max-width: 200px) 100vw, 200px\" \/><\/p><div>Proches de vos attentes, passionn\u00e9s par notre m\u00e9tier, nous nous imposons une rigueur dans les conseils, l\u2019organisation, la fabrication, le suivi de nos chantiers, le service, avec pour seul objectif: votre satisfaction.<\/div>\t\t\t\t\t\t<\/div>\n\t\t\t\t<\/div>\n\t\t\t\t\t<\/div>\n\t\t\t\t<\/div>\n\t\t<div class=\"elementor-element elementor-element-5e9f758 e-flex e-con-boxed e-con e-parent\" data-id=\"5e9f758\" data-element_type=\"container\">\n\t\t\t\t\t<div class=\"e-con-inner\">\n\t\t\t\t<div class=\"elementor-element elementor-element-f2666d0 e-transform e-transform e-transform elementor-invisible elementor-widget elementor-widget-text-editor\" data-id=\"f2666d0\" data-element_type=\"widget\" data-settings=\"{&quot;_animation&quot;:&quot;fadeInDown&quot;,&quot;_transform_rotateZ_effect&quot;:{&quot;unit&quot;:&quot;px&quot;,&quot;size&quot;:&quot;&quot;,&quot;sizes&quot;:[]},&quot;_transform_rotateZ_effect_tablet&quot;:{&quot;unit&quot;:&quot;deg&quot;,&quot;size&quot;:&quot;&quot;,&quot;sizes&quot;:[]},&quot;_transform_rotateZ_effect_mobile&quot;:{&quot;unit&quot;:&quot;deg&quot;,&quot;size&quot;:&quot;&quot;,&quot;sizes&quot;:[]},&quot;_transform_translateX_effect&quot;:{&quot;unit&quot;:&quot;px&quot;,&quot;size&quot;:&quot;&quot;,&quot;sizes&quot;:[]},&quot;_transform_translateX_effect_tablet&quot;:{&quot;unit&quot;:&quot;px&quot;,&quot;size&quot;:&quot;&quot;,&quot;sizes&quot;:[]},&quot;_transform_translateX_effect_mobile&quot;:{&quot;unit&quot;:&quot;px&quot;,&quot;size&quot;:&quot;&quot;,&quot;sizes&quot;:[]},&quot;_transform_translateY_effect&quot;:{&quot;unit&quot;:&quot;px&quot;,&quot;size&quot;:&quot;&quot;,&quot;sizes&quot;:[]},&quot;_transform_translateY_effect_tablet&quot;:{&quot;unit&quot;:&quot;px&quot;,&quot;size&quot;:&quot;&quot;,&quot;sizes&quot;:[]},&quot;_transform_translateY_effect_mobile&quot;:{&quot;unit&quot;:&quot;px&quot;,&quot;size&quot;:&quot;&quot;,&quot;sizes&quot;:[]},&quot;_transform_skewX_effect&quot;:{&quot;unit&quot;:&quot;px&quot;,&quot;size&quot;:&quot;&quot;,&quot;sizes&quot;:[]},&quot;_transform_skewX_effect_tablet&quot;:{&quot;unit&quot;:&quot;deg&quot;,&quot;size&quot;:&quot;&quot;,&quot;sizes&quot;:[]},&quot;_transform_skewX_effect_mobile&quot;:{&quot;unit&quot;:&quot;deg&quot;,&quot;size&quot;:&quot;&quot;,&quot;sizes&quot;:[]},&quot;_transform_skewY_effect&quot;:{&quot;unit&quot;:&quot;px&quot;,&quot;size&quot;:&quot;&quot;,&quot;sizes&quot;:[]},&quot;_transform_skewY_effect_tablet&quot;:{&quot;unit&quot;:&quot;deg&quot;,&quot;size&quot;:&quot;&quot;,&quot;sizes&quot;:[]},&quot;_transform_skewY_effect_mobile&quot;:{&quot;unit&quot;:&quot;deg&quot;,&quot;size&quot;:&quot;&quot;,&quot;sizes&quot;:[]}}\" data-widget_type=\"text-editor.default\">\n\t\t\t\t<div class=\"elementor-widget-container\">\n\t\t\t\t\t\t\t<p><em>AFM est une entreprise labellis\u00e9e CARREFOUR ENTREPRISE SARTHE et certifi\u00e9e QUALIBAT<\/em><\/p>\n<p><img decoding=\"async\" class=\"size-medium wp-image-291 alignleft\" src=\"http:\/\/afmmetallerie.fr\/wp-content\/uploads\/2024\/04\/INITIATIVE-SARTHE-CES-SF-1-300x121.png\" alt=\"\" width=\"300\" height=\"121\" srcset=\"https:\/\/afmmetallerie.fr\/wp-content\/uploads\/2024\/04\/INITIATIVE-SARTHE-CES-SF-1-300x121.png 300w, https:\/\/afmmetallerie.fr\/wp-content\/uploads\/2024\/04\/INITIATIVE-SARTHE-CES-SF-1-1024x414.png 1024w, https:\/\/afmmetallerie.fr\/wp-content\/uploads\/2024\/04\/INITIATIVE-SARTHE-CES-SF-1-2000x809.png 2000w\" sizes=\"(max-width: 300px) 100vw, 300px\" \/><\/p>\n<p><img loading=\"lazy\" decoding=\"async\" class=\"size-full wp-image-292 aligncenter\" src=\"http:\/\/afmmetallerie.fr\/wp-content\/uploads\/2024\/04\/Qualibat-edited.jpg\" alt=\"\" width=\"160\" height=\"160\" srcset=\"https:\/\/afmmetallerie.fr\/wp-content\/uploads\/2024\/04\/Qualibat-edited.jpg 160w, https:\/\/afmmetallerie.fr\/wp-content\/uploads\/2024\/04\/Qualibat-edited-150x150.jpg 150w\" sizes=\"(max-width: 160px) 100vw, 160px\" \/><\/p>\t\t\t\t\t\t<\/div>\n\t\t\t\t<\/div>\n\t\t\t\t\t<\/div>\n\t\t\t\t<\/div>\n\t\t\t\t<\/div>\n\t\t","protected":false},"excerpt":{"rendered":"<p>Notre soci\u00e9t\u00e9 AFM-Atelier de Fabrication de M\u00e9tallerie a d\u00e9but\u00e9 son activit\u00e9 en 2005 dans le cadre du dispositif Cap Cr\u00e9ation Sarthe fruit d\u2019un partenariat entre Carrefour Entreprise et le Conseil G\u00e9n\u00e9ral de la Sarthe.\u00a0 Notre exp\u00e9rience de plusieurs ann\u00e9es en m\u00e9tallerie, et, en tant que\u00a0cadres au sein d\u2019un groupe, nous a naturellement dirig\u00e9s, vers la &hellip; <\/p>\n<p class=\"link-more\"><a href=\"https:\/\/afmmetallerie.fr\/index.php\/qui-sommes-nous-2\/\" class=\"more-link\">Lire la suite de<span class=\"screen-reader-text\">\u00ab\u00a0Qui sommes-nous?\u00a0\u00bb<\/span><\/a><\/p>\n","protected":false},"author":1,"featured_media":0,"parent":0,"menu_order":0,"comment_status":"closed","ping_status":"closed","template":"","meta":{"footnotes":""},"class_list":["post-277","page","type-page","status-publish","hentry"],"featured_media_urls":[],"_links":{"self":[{"href":"https:\/\/afmmetallerie.fr\/index.php\/wp-json\/wp\/v2\/pages\/277","targetHints":{"allow":["GET"]}}],"collection":[{"href":"https:\/\/afmmetallerie.fr\/index.php\/wp-json\/wp\/v2\/pages"}],"about":[{"href":"https:\/\/afmmetallerie.fr\/index.php\/wp-json\/wp\/v2\/types\/page"}],"author":[{"embeddable":true,"href":"https:\/\/afmmetallerie.fr\/index.php\/wp-json\/wp\/v2\/users\/1"}],"replies":[{"embeddable":true,"href":"https:\/\/afmmetallerie.fr\/index.php\/wp-json\/wp\/v2\/comments?post=277"}],"version-history":[{"count":56,"href":"https:\/\/afmmetallerie.fr\/index.php\/wp-json\/wp\/v2\/pages\/277\/revisions"}],"predecessor-version":[{"id":7044,"href":"https:\/\/afmmetallerie.fr\/index.php\/wp-json\/wp\/v2\/pages\/277\/revisions\/7044"}],"wp:attachment":[{"href":"https:\/\/afmmetallerie.fr\/index.php\/wp-json\/wp\/v2\/media?parent=277"}],"curies":[{"name":"wp","href":"https:\/\/api.w.org\/{rel}","templated":true}]}}