{"id":319,"date":"2024-04-04T13:11:55","date_gmt":"2024-04-04T11:11:55","guid":{"rendered":"https:\/\/afmmetallerie.fr\/?page_id=319"},"modified":"2024-05-12T19:50:30","modified_gmt":"2024-05-12T17:50:30","slug":"relations-clients","status":"publish","type":"page","link":"https:\/\/afmmetallerie.fr\/index.php\/relations-clients\/","title":{"rendered":"Relations clients"},"content":{"rendered":"\t\t<div data-elementor-type=\"wp-page\" data-elementor-id=\"319\" class=\"elementor elementor-319\">\n\t\t\t\t<div class=\"elementor-element elementor-element-0fbca7e e-flex e-con-boxed e-con e-parent\" data-id=\"0fbca7e\" data-element_type=\"container\">\n\t\t\t\t\t<div class=\"e-con-inner\">\n\t\t<div class=\"elementor-element elementor-element-d274b3a e-con-full e-flex e-con e-child\" data-id=\"d274b3a\" data-element_type=\"container\">\n\t\t\t\t<div class=\"elementor-element elementor-element-d385f39 elementor-widget-divider--view-line elementor-widget elementor-widget-divider\" data-id=\"d385f39\" data-element_type=\"widget\" data-widget_type=\"divider.default\">\n\t\t\t\t<div class=\"elementor-widget-container\">\n\t\t\t<style>\/*! elementor - v3.21.0 - 25-04-2024 *\/\n.elementor-widget-divider{--divider-border-style:none;--divider-border-width:1px;--divider-color:#0c0d0e;--divider-icon-size:20px;--divider-element-spacing:10px;--divider-pattern-height:24px;--divider-pattern-size:20px;--divider-pattern-url:none;--divider-pattern-repeat:repeat-x}.elementor-widget-divider .elementor-divider{display:flex}.elementor-widget-divider .elementor-divider__text{font-size:15px;line-height:1;max-width:95%}.elementor-widget-divider .elementor-divider__element{margin:0 var(--divider-element-spacing);flex-shrink:0}.elementor-widget-divider .elementor-icon{font-size:var(--divider-icon-size)}.elementor-widget-divider .elementor-divider-separator{display:flex;margin:0;direction:ltr}.elementor-widget-divider--view-line_icon .elementor-divider-separator,.elementor-widget-divider--view-line_text .elementor-divider-separator{align-items:center}.elementor-widget-divider--view-line_icon .elementor-divider-separator:after,.elementor-widget-divider--view-line_icon .elementor-divider-separator:before,.elementor-widget-divider--view-line_text .elementor-divider-separator:after,.elementor-widget-divider--view-line_text .elementor-divider-separator:before{display:block;content:\"\";border-block-end:0;flex-grow:1;border-block-start:var(--divider-border-width) var(--divider-border-style) var(--divider-color)}.elementor-widget-divider--element-align-left .elementor-divider .elementor-divider-separator>.elementor-divider__svg:first-of-type{flex-grow:0;flex-shrink:100}.elementor-widget-divider--element-align-left .elementor-divider-separator:before{content:none}.elementor-widget-divider--element-align-left .elementor-divider__element{margin-left:0}.elementor-widget-divider--element-align-right .elementor-divider .elementor-divider-separator>.elementor-divider__svg:last-of-type{flex-grow:0;flex-shrink:100}.elementor-widget-divider--element-align-right .elementor-divider-separator:after{content:none}.elementor-widget-divider--element-align-right .elementor-divider__element{margin-right:0}.elementor-widget-divider--element-align-start .elementor-divider .elementor-divider-separator>.elementor-divider__svg:first-of-type{flex-grow:0;flex-shrink:100}.elementor-widget-divider--element-align-start .elementor-divider-separator:before{content:none}.elementor-widget-divider--element-align-start .elementor-divider__element{margin-inline-start:0}.elementor-widget-divider--element-align-end .elementor-divider .elementor-divider-separator>.elementor-divider__svg:last-of-type{flex-grow:0;flex-shrink:100}.elementor-widget-divider--element-align-end .elementor-divider-separator:after{content:none}.elementor-widget-divider--element-align-end .elementor-divider__element{margin-inline-end:0}.elementor-widget-divider:not(.elementor-widget-divider--view-line_text):not(.elementor-widget-divider--view-line_icon) .elementor-divider-separator{border-block-start:var(--divider-border-width) var(--divider-border-style) var(--divider-color)}.elementor-widget-divider--separator-type-pattern{--divider-border-style:none}.elementor-widget-divider--separator-type-pattern.elementor-widget-divider--view-line .elementor-divider-separator,.elementor-widget-divider--separator-type-pattern:not(.elementor-widget-divider--view-line) .elementor-divider-separator:after,.elementor-widget-divider--separator-type-pattern:not(.elementor-widget-divider--view-line) .elementor-divider-separator:before,.elementor-widget-divider--separator-type-pattern:not([class*=elementor-widget-divider--view]) .elementor-divider-separator{width:100%;min-height:var(--divider-pattern-height);-webkit-mask-size:var(--divider-pattern-size) 100%;mask-size:var(--divider-pattern-size) 100%;-webkit-mask-repeat:var(--divider-pattern-repeat);mask-repeat:var(--divider-pattern-repeat);background-color:var(--divider-color);-webkit-mask-image:var(--divider-pattern-url);mask-image:var(--divider-pattern-url)}.elementor-widget-divider--no-spacing{--divider-pattern-size:auto}.elementor-widget-divider--bg-round{--divider-pattern-repeat:round}.rtl .elementor-widget-divider .elementor-divider__text{direction:rtl}.e-con-inner>.elementor-widget-divider,.e-con>.elementor-widget-divider{width:var(--container-widget-width,100%);--flex-grow:var(--container-widget-flex-grow)}<\/style>\t\t<div class=\"elementor-divider\">\n\t\t\t<span class=\"elementor-divider-separator\">\n\t\t\t\t\t\t<\/span>\n\t\t<\/div>\n\t\t\t\t<\/div>\n\t\t\t\t<\/div>\n\t\t\t\t<div class=\"elementor-element elementor-element-702f05f elementor-widget elementor-widget-image\" data-id=\"702f05f\" data-element_type=\"widget\" data-widget_type=\"image.default\">\n\t\t\t\t<div class=\"elementor-widget-container\">\n\t\t\t<style>\/*! elementor - v3.21.0 - 25-04-2024 *\/\n.elementor-widget-image{text-align:center}.elementor-widget-image a{display:inline-block}.elementor-widget-image a img[src$=\".svg\"]{width:48px}.elementor-widget-image img{vertical-align:middle;display:inline-block}<\/style>\t\t\t\t\t\t\t\t\t\t<img decoding=\"async\" width=\"166\" height=\"179\" src=\"https:\/\/afmmetallerie.fr\/wp-content\/uploads\/2024\/03\/cropped-Capture-decran-2024-02-28-a-23.19.02.png\" class=\"attachment-large size-large wp-image-238\" alt=\"\" sizes=\"100vw\" \/>\t\t\t\t\t\t\t\t\t\t\t\t\t<\/div>\n\t\t\t\t<\/div>\n\t\t\t\t<\/div>\n\t\t<div class=\"elementor-element elementor-element-88e68b2 e-con-full e-flex e-con e-child\" data-id=\"88e68b2\" data-element_type=\"container\">\n\t\t\t\t<div class=\"elementor-element elementor-element-586032d elementor-widget elementor-widget-text-editor\" data-id=\"586032d\" data-element_type=\"widget\" data-widget_type=\"text-editor.default\">\n\t\t\t\t<div class=\"elementor-widget-container\">\n\t\t\t<style>\/*! elementor - v3.21.0 - 25-04-2024 *\/\n.elementor-widget-text-editor.elementor-drop-cap-view-stacked .elementor-drop-cap{background-color:#69727d;color:#fff}.elementor-widget-text-editor.elementor-drop-cap-view-framed .elementor-drop-cap{color:#69727d;border:3px solid;background-color:transparent}.elementor-widget-text-editor:not(.elementor-drop-cap-view-default) .elementor-drop-cap{margin-top:8px}.elementor-widget-text-editor:not(.elementor-drop-cap-view-default) .elementor-drop-cap-letter{width:1em;height:1em}.elementor-widget-text-editor .elementor-drop-cap{float:left;text-align:center;line-height:1;font-size:50px}.elementor-widget-text-editor .elementor-drop-cap-letter{display:inline-block}<\/style>\t\t\t\t<h2 style=\"text-align: center;\"><span style=\"color: #000000;\">Chez AFM M\u00e9tallerie, nous pla\u00e7ons nos clients au c\u0153ur de tout ce que nous faisons. <\/span><\/h2><h2 style=\"text-align: center;\"><span style=\"color: #000000;\">Notre engagement envers vous se manifeste \u00e0 travers :<\/span><\/h2><ul style=\"text-align: center;\"><li><h4><span style=\"color: #000000;\"><strong>Qualit\u00e9 In\u00e9gal\u00e9e<\/strong>: Des produits m\u00e9tallurgiques de la plus haute qualit\u00e9, r\u00e9pondant \u00e0 vos normes les plus exigeantes.<\/span><\/h4><\/li><li><h4><span style=\"color: #000000;\"><strong>Service Client\u00e8le Personnalis\u00e9<\/strong>: Une \u00e9quipe d\u00e9di\u00e9e pr\u00eate \u00e0 r\u00e9pondre \u00e0 vos besoins sp\u00e9cifiques et \u00e0 vous fournir une assistance personnalis\u00e9e.<\/span><\/h4><\/li><li><h4><span style=\"color: #000000;\"><strong>Flexibilit\u00e9 Totale<\/strong>: Des solutions sur mesure et une flexibilit\u00e9 pour s&rsquo;adapter \u00e0 vos exigences uniques.<\/span><\/h4><\/li><li><h4><span style=\"color: #000000;\"><strong>Port\u00e9e Mondiale<\/strong>: Un r\u00e9seau mondial pour servir nos clients o\u00f9 qu&rsquo;ils se trouvent.<\/span><\/h4><\/li><li><h4><span style=\"color: #000000;\"><strong>\u00c9coute Active<\/strong>: Vos commentaires sont notre moteur d&rsquo;am\u00e9lioration continue.<\/span><\/h4><\/li><\/ul><h4 style=\"text-align: center;\"><span style=\"color: #000000;\">Merci de nous faire confiance \u00a0pour vos besoins en m\u00e9tallurgie.<\/span><\/h4>\t\t\t\t\t\t<\/div>\n\t\t\t\t<\/div>\n\t\t\t\t<\/div>\n\t\t\t\t\t<\/div>\n\t\t\t\t<\/div>\n\t\t\t\t<\/div>\n\t\t","protected":false},"excerpt":{"rendered":"<p>Chez AFM M\u00e9tallerie, nous pla\u00e7ons nos clients au c\u0153ur de tout ce que nous faisons. Notre engagement envers vous se manifeste \u00e0 travers : Qualit\u00e9 In\u00e9gal\u00e9e: Des produits m\u00e9tallurgiques de la plus haute qualit\u00e9, r\u00e9pondant \u00e0 vos normes les plus exigeantes. Service Client\u00e8le Personnalis\u00e9: Une \u00e9quipe d\u00e9di\u00e9e pr\u00eate \u00e0 r\u00e9pondre \u00e0 vos besoins sp\u00e9cifiques et &hellip; <\/p>\n<p class=\"link-more\"><a href=\"https:\/\/afmmetallerie.fr\/index.php\/relations-clients\/\" class=\"more-link\">Lire la suite de<span class=\"screen-reader-text\">\u00ab\u00a0Relations clients\u00a0\u00bb<\/span><\/a><\/p>\n","protected":false},"author":1,"featured_media":0,"parent":0,"menu_order":0,"comment_status":"closed","ping_status":"closed","template":"","meta":{"footnotes":""},"class_list":["post-319","page","type-page","status-publish","hentry"],"featured_media_urls":[],"_links":{"self":[{"href":"https:\/\/afmmetallerie.fr\/index.php\/wp-json\/wp\/v2\/pages\/319","targetHints":{"allow":["GET"]}}],"collection":[{"href":"https:\/\/afmmetallerie.fr\/index.php\/wp-json\/wp\/v2\/pages"}],"about":[{"href":"https:\/\/afmmetallerie.fr\/index.php\/wp-json\/wp\/v2\/types\/page"}],"author":[{"embeddable":true,"href":"https:\/\/afmmetallerie.fr\/index.php\/wp-json\/wp\/v2\/users\/1"}],"replies":[{"embeddable":true,"href":"https:\/\/afmmetallerie.fr\/index.php\/wp-json\/wp\/v2\/comments?post=319"}],"version-history":[{"count":5,"href":"https:\/\/afmmetallerie.fr\/index.php\/wp-json\/wp\/v2\/pages\/319\/revisions"}],"predecessor-version":[{"id":7604,"href":"https:\/\/afmmetallerie.fr\/index.php\/wp-json\/wp\/v2\/pages\/319\/revisions\/7604"}],"wp:attachment":[{"href":"https:\/\/afmmetallerie.fr\/index.php\/wp-json\/wp\/v2\/media?parent=319"}],"curies":[{"name":"wp","href":"https:\/\/api.w.org\/{rel}","templated":true}]}}