{"id":7349,"date":"2024-05-10T14:46:44","date_gmt":"2024-05-10T12:46:44","guid":{"rendered":"https:\/\/afmmetallerie.fr\/?page_id=7349"},"modified":"2024-05-12T16:01:21","modified_gmt":"2024-05-12T14:01:21","slug":"sectores-de-actividad","status":"publish","type":"page","link":"https:\/\/afmmetallerie.fr\/index.php\/es\/sectores-de-actividad\/","title":{"rendered":"Sectores de actividad"},"content":{"rendered":"\t\t<div data-elementor-type=\"wp-page\" data-elementor-id=\"7349\" class=\"elementor elementor-7349\">\n\t\t\t\t<div class=\"elementor-element elementor-element-4041084 e-flex e-con-boxed e-con e-parent\" data-id=\"4041084\" data-element_type=\"container\">\n\t\t\t\t\t<div class=\"e-con-inner\">\n\t\t\t\t<div class=\"elementor-element elementor-element-ff889af elementor-widget elementor-widget-heading\" data-id=\"ff889af\" data-element_type=\"widget\" data-widget_type=\"heading.default\">\n\t\t\t\t<div class=\"elementor-widget-container\">\n\t\t\t<style>\/*! elementor - v3.21.0 - 25-04-2024 *\/\n.elementor-heading-title{padding:0;margin:0;line-height:1}.elementor-widget-heading .elementor-heading-title[class*=elementor-size-]>a{color:inherit;font-size:inherit;line-height:inherit}.elementor-widget-heading .elementor-heading-title.elementor-size-small{font-size:15px}.elementor-widget-heading .elementor-heading-title.elementor-size-medium{font-size:19px}.elementor-widget-heading .elementor-heading-title.elementor-size-large{font-size:29px}.elementor-widget-heading .elementor-heading-title.elementor-size-xl{font-size:39px}.elementor-widget-heading .elementor-heading-title.elementor-size-xxl{font-size:59px}<\/style><h2 class=\"elementor-heading-title elementor-size-default\">Nuestra empresa est\u00e1 especializada en varios sectores de actividad.<\/h2>\t\t<\/div>\n\t\t\t\t<\/div>\n\t\t\t\t\t<\/div>\n\t\t\t\t<\/div>\n\t\t<div class=\"elementor-element elementor-element-27ad9bc e-flex e-con-boxed e-con e-parent\" data-id=\"27ad9bc\" data-element_type=\"container\">\n\t\t\t\t\t<div class=\"e-con-inner\">\n\t\t\t\t<div class=\"elementor-element elementor-element-89e00f9 elementor-widget-divider--view-line elementor-widget elementor-widget-divider\" data-id=\"89e00f9\" data-element_type=\"widget\" data-widget_type=\"divider.default\">\n\t\t\t\t<div class=\"elementor-widget-container\">\n\t\t\t<style>\/*! elementor - v3.21.0 - 25-04-2024 *\/\n.elementor-widget-divider{--divider-border-style:none;--divider-border-width:1px;--divider-color:#0c0d0e;--divider-icon-size:20px;--divider-element-spacing:10px;--divider-pattern-height:24px;--divider-pattern-size:20px;--divider-pattern-url:none;--divider-pattern-repeat:repeat-x}.elementor-widget-divider .elementor-divider{display:flex}.elementor-widget-divider .elementor-divider__text{font-size:15px;line-height:1;max-width:95%}.elementor-widget-divider .elementor-divider__element{margin:0 var(--divider-element-spacing);flex-shrink:0}.elementor-widget-divider .elementor-icon{font-size:var(--divider-icon-size)}.elementor-widget-divider .elementor-divider-separator{display:flex;margin:0;direction:ltr}.elementor-widget-divider--view-line_icon .elementor-divider-separator,.elementor-widget-divider--view-line_text .elementor-divider-separator{align-items:center}.elementor-widget-divider--view-line_icon .elementor-divider-separator:after,.elementor-widget-divider--view-line_icon .elementor-divider-separator:before,.elementor-widget-divider--view-line_text .elementor-divider-separator:after,.elementor-widget-divider--view-line_text .elementor-divider-separator:before{display:block;content:\"\";border-block-end:0;flex-grow:1;border-block-start:var(--divider-border-width) var(--divider-border-style) var(--divider-color)}.elementor-widget-divider--element-align-left .elementor-divider .elementor-divider-separator>.elementor-divider__svg:first-of-type{flex-grow:0;flex-shrink:100}.elementor-widget-divider--element-align-left .elementor-divider-separator:before{content:none}.elementor-widget-divider--element-align-left .elementor-divider__element{margin-left:0}.elementor-widget-divider--element-align-right .elementor-divider .elementor-divider-separator>.elementor-divider__svg:last-of-type{flex-grow:0;flex-shrink:100}.elementor-widget-divider--element-align-right .elementor-divider-separator:after{content:none}.elementor-widget-divider--element-align-right .elementor-divider__element{margin-right:0}.elementor-widget-divider--element-align-start .elementor-divider .elementor-divider-separator>.elementor-divider__svg:first-of-type{flex-grow:0;flex-shrink:100}.elementor-widget-divider--element-align-start .elementor-divider-separator:before{content:none}.elementor-widget-divider--element-align-start .elementor-divider__element{margin-inline-start:0}.elementor-widget-divider--element-align-end .elementor-divider .elementor-divider-separator>.elementor-divider__svg:last-of-type{flex-grow:0;flex-shrink:100}.elementor-widget-divider--element-align-end .elementor-divider-separator:after{content:none}.elementor-widget-divider--element-align-end .elementor-divider__element{margin-inline-end:0}.elementor-widget-divider:not(.elementor-widget-divider--view-line_text):not(.elementor-widget-divider--view-line_icon) .elementor-divider-separator{border-block-start:var(--divider-border-width) var(--divider-border-style) var(--divider-color)}.elementor-widget-divider--separator-type-pattern{--divider-border-style:none}.elementor-widget-divider--separator-type-pattern.elementor-widget-divider--view-line .elementor-divider-separator,.elementor-widget-divider--separator-type-pattern:not(.elementor-widget-divider--view-line) .elementor-divider-separator:after,.elementor-widget-divider--separator-type-pattern:not(.elementor-widget-divider--view-line) .elementor-divider-separator:before,.elementor-widget-divider--separator-type-pattern:not([class*=elementor-widget-divider--view]) .elementor-divider-separator{width:100%;min-height:var(--divider-pattern-height);-webkit-mask-size:var(--divider-pattern-size) 100%;mask-size:var(--divider-pattern-size) 100%;-webkit-mask-repeat:var(--divider-pattern-repeat);mask-repeat:var(--divider-pattern-repeat);background-color:var(--divider-color);-webkit-mask-image:var(--divider-pattern-url);mask-image:var(--divider-pattern-url)}.elementor-widget-divider--no-spacing{--divider-pattern-size:auto}.elementor-widget-divider--bg-round{--divider-pattern-repeat:round}.rtl .elementor-widget-divider .elementor-divider__text{direction:rtl}.e-con-inner>.elementor-widget-divider,.e-con>.elementor-widget-divider{width:var(--container-widget-width,100%);--flex-grow:var(--container-widget-flex-grow)}<\/style>\t\t<div class=\"elementor-divider\">\n\t\t\t<span class=\"elementor-divider-separator\">\n\t\t\t\t\t\t<\/span>\n\t\t<\/div>\n\t\t\t\t<\/div>\n\t\t\t\t<\/div>\n\t\t\t\t\t<\/div>\n\t\t\t\t<\/div>\n\t\t<div class=\"elementor-element elementor-element-c3c6ec0 e-flex e-con-boxed e-con e-parent\" data-id=\"c3c6ec0\" data-element_type=\"container\">\n\t\t\t\t\t<div class=\"e-con-inner\">\n\t\t<div class=\"elementor-element elementor-element-e328aa7 e-con-full e-flex e-con e-child\" data-id=\"e328aa7\" data-element_type=\"container\">\n\t\t\t\t<div class=\"elementor-element elementor-element-320041e elementor-widget elementor-widget-text-editor\" data-id=\"320041e\" data-element_type=\"widget\" data-widget_type=\"text-editor.default\">\n\t\t\t\t<div class=\"elementor-widget-container\">\n\t\t\t<style>\/*! elementor - v3.21.0 - 25-04-2024 *\/\n.elementor-widget-text-editor.elementor-drop-cap-view-stacked .elementor-drop-cap{background-color:#69727d;color:#fff}.elementor-widget-text-editor.elementor-drop-cap-view-framed .elementor-drop-cap{color:#69727d;border:3px solid;background-color:transparent}.elementor-widget-text-editor:not(.elementor-drop-cap-view-default) .elementor-drop-cap{margin-top:8px}.elementor-widget-text-editor:not(.elementor-drop-cap-view-default) .elementor-drop-cap-letter{width:1em;height:1em}.elementor-widget-text-editor .elementor-drop-cap{float:left;text-align:center;line-height:1;font-size:50px}.elementor-widget-text-editor .elementor-drop-cap-letter{display:inline-block}<\/style>\t\t\t\t<h4 style=\"text-align: center;\"><span style=\"color: #000000;\">En AFM M\u00e9tallerie, estamos orgullosos de servir a una variedad de clientes en diferentes \u00e1reas.<\/span><\/h4><h4 style=\"text-align: center;\"><span style=\"text-decoration: underline;\"><strong><span style=\"color: #000000; text-decoration: underline;\">Nuestras principales \u00e1reas son:<\/span><\/strong><\/span><\/h4><p style=\"text-align: center;\"><span style=\"color: #000000;\"><strong>Construcci\u00f3n:<\/strong> Estamos especializados en ofrecer soluciones innovadoras de construcci\u00f3n para una amplia gama de proyectos. Nuestro equipo calificado est\u00e1 listo para llevar a cabo sus proyectos.<\/span><\/p><p style=\"text-align: center;\"><span style=\"color: #000000;\"><strong>Dise\u00f1o de Interiores:<\/strong> Ofrecemos servicios de dise\u00f1o de interiores a medida para crear entornos funcionales y est\u00e9ticos. Desde el dise\u00f1o hasta la realizaci\u00f3n, estamos aqu\u00ed para dar vida a sus proyectos.<\/span><\/p><p style=\"text-align: center;\"><span style=\"color: #000000;\"><strong>Industria:<\/strong> Proporcionamos soluciones a medida para satisfacer sus necesidades en t\u00e9rminos de producci\u00f3n, ensamblaje y log\u00edstica.<\/span><\/p><p style=\"text-align: center;\"><span style=\"color: #000000;\"><strong>Servicios Comunitarios:<\/strong> Colaboramos con las comunidades locales y los organismos p\u00fablicos para ofrecer soluciones de infraestructura duraderas y eficientes.<\/span><\/p><p style=\"text-align: center;\"><span style=\"color: #000000;\"><strong>Particulares:<\/strong> Para proyectos residenciales, ofrecemos una gama completa de servicios, desde la construcci\u00f3n de casas individuales hasta la renovaci\u00f3n de cocinas y ba\u00f1os. Nuestro enfoque personalizado garantiza resultados que superan sus expectativas.<\/span><\/p>\t\t\t\t\t\t<\/div>\n\t\t\t\t<\/div>\n\t\t\t\t<\/div>\n\t\t<div class=\"elementor-element elementor-element-1abe9e7 e-con-full e-flex e-con e-child\" data-id=\"1abe9e7\" data-element_type=\"container\">\n\t\t\t\t<div class=\"elementor-element elementor-element-3c1d626 elementor-widget elementor-widget-image\" data-id=\"3c1d626\" data-element_type=\"widget\" data-widget_type=\"image.default\">\n\t\t\t\t<div class=\"elementor-widget-container\">\n\t\t\t<style>\/*! elementor - v3.21.0 - 25-04-2024 *\/\n.elementor-widget-image{text-align:center}.elementor-widget-image a{display:inline-block}.elementor-widget-image a img[src$=\".svg\"]{width:48px}.elementor-widget-image img{vertical-align:middle;display:inline-block}<\/style>\t\t\t\t\t\t\t\t\t\t<img fetchpriority=\"high\" decoding=\"async\" width=\"684\" height=\"1024\" src=\"https:\/\/afmmetallerie.fr\/wp-content\/uploads\/2024\/04\/IMG_8500-684x1024.jpg\" class=\"attachment-large size-large wp-image-408\" alt=\"\" srcset=\"https:\/\/afmmetallerie.fr\/wp-content\/uploads\/2024\/04\/IMG_8500-684x1024.jpg 684w, https:\/\/afmmetallerie.fr\/wp-content\/uploads\/2024\/04\/IMG_8500-200x300.jpg 200w, https:\/\/afmmetallerie.fr\/wp-content\/uploads\/2024\/04\/IMG_8500-scaled-1025x1536.jpg 1025w, https:\/\/afmmetallerie.fr\/wp-content\/uploads\/2024\/04\/IMG_8500-scaled-1367x2048.jpg 1367w, https:\/\/afmmetallerie.fr\/wp-content\/uploads\/2024\/04\/IMG_8500-scaled-600x899.jpg 600w, https:\/\/afmmetallerie.fr\/wp-content\/uploads\/2024\/04\/IMG_8500-scaled-1200x1798.jpg 1200w, https:\/\/afmmetallerie.fr\/wp-content\/uploads\/2024\/04\/IMG_8500-scaled.jpg 1709w\" sizes=\"100vw\" \/>\t\t\t\t\t\t\t\t\t\t\t\t\t<\/div>\n\t\t\t\t<\/div>\n\t\t\t\t<\/div>\n\t\t\t\t\t<\/div>\n\t\t\t\t<\/div>\n\t\t<div class=\"elementor-element elementor-element-05724d3 e-flex e-con-boxed e-con e-parent\" data-id=\"05724d3\" data-element_type=\"container\">\n\t\t\t\t\t<div class=\"e-con-inner\">\n\t\t\t\t<div class=\"elementor-element elementor-element-03872dd elementor-widget-divider--view-line elementor-widget elementor-widget-divider\" data-id=\"03872dd\" data-element_type=\"widget\" data-widget_type=\"divider.default\">\n\t\t\t\t<div class=\"elementor-widget-container\">\n\t\t\t\t\t<div class=\"elementor-divider\">\n\t\t\t<span class=\"elementor-divider-separator\">\n\t\t\t\t\t\t<\/span>\n\t\t<\/div>\n\t\t\t\t<\/div>\n\t\t\t\t<\/div>\n\t\t\t\t\t<\/div>\n\t\t\t\t<\/div>\n\t\t<div class=\"elementor-element elementor-element-6dca50a e-flex e-con-boxed e-con e-parent\" data-id=\"6dca50a\" data-element_type=\"container\">\n\t\t\t\t\t<div class=\"e-con-inner\">\n\t\t<div class=\"elementor-element elementor-element-7b77447 e-con-full e-flex e-con e-child\" data-id=\"7b77447\" data-element_type=\"container\">\n\t\t\t\t<div class=\"elementor-element elementor-element-601b990 elementor-widget elementor-widget-image\" data-id=\"601b990\" data-element_type=\"widget\" data-widget_type=\"image.default\">\n\t\t\t\t<div class=\"elementor-widget-container\">\n\t\t\t\t\t\t\t\t\t\t\t\t\t<img decoding=\"async\" width=\"684\" height=\"1024\" src=\"https:\/\/afmmetallerie.fr\/wp-content\/uploads\/2024\/04\/IMG_7785-684x1024.jpg\" class=\"attachment-large size-large wp-image-656\" alt=\"\" srcset=\"https:\/\/afmmetallerie.fr\/wp-content\/uploads\/2024\/04\/IMG_7785-684x1024.jpg 684w, https:\/\/afmmetallerie.fr\/wp-content\/uploads\/2024\/04\/IMG_7785-200x300.jpg 200w, https:\/\/afmmetallerie.fr\/wp-content\/uploads\/2024\/04\/IMG_7785-scaled-1025x1536.jpg 1025w, https:\/\/afmmetallerie.fr\/wp-content\/uploads\/2024\/04\/IMG_7785-scaled-1367x2048.jpg 1367w, https:\/\/afmmetallerie.fr\/wp-content\/uploads\/2024\/04\/IMG_7785-scaled-600x899.jpg 600w, https:\/\/afmmetallerie.fr\/wp-content\/uploads\/2024\/04\/IMG_7785-scaled-1200x1798.jpg 1200w, https:\/\/afmmetallerie.fr\/wp-content\/uploads\/2024\/04\/IMG_7785-scaled.jpg 1709w\" sizes=\"100vw\" \/>\t\t\t\t\t\t\t\t\t\t\t\t\t<\/div>\n\t\t\t\t<\/div>\n\t\t\t\t<\/div>\n\t\t<div class=\"elementor-element elementor-element-6717b8c e-con-full e-flex e-con e-child\" data-id=\"6717b8c\" data-element_type=\"container\">\n\t\t\t\t<div class=\"elementor-element elementor-element-37014a9 elementor-widget elementor-widget-text-editor\" data-id=\"37014a9\" data-element_type=\"widget\" data-widget_type=\"text-editor.default\">\n\t\t\t\t<div class=\"elementor-widget-container\">\n\t\t\t\t\t\t\t<h3>\u00a0<\/h3><h3>\u00a0<\/h3><h3 style=\"text-align: center;\"><strong>Sea cual sea su sector de actividad, estamos comprometidos a proporcionar soluciones de calidad.<\/strong><\/h3><p>\u00a0<\/p><p>\u00a0<\/p><h3>\u00a0<\/h3><h3>\u00a0<\/h3><h3 style=\"text-align: center;\"><strong>Cont\u00e1ctenos hoy mismo para discutir sus necesidades y descubrir c\u00f3mo podemos ayudarlo a alcanzar sus objetivos.<\/strong><\/h3>\t\t\t\t\t\t<\/div>\n\t\t\t\t<\/div>\n\t\t\t\t<\/div>\n\t\t\t\t\t<\/div>\n\t\t\t\t<\/div>\n\t\t\t\t<\/div>\n\t\t","protected":false},"excerpt":{"rendered":"<p>Nuestra empresa est\u00e1 especializada en varios sectores de actividad. En AFM M\u00e9tallerie, estamos orgullosos de servir a una variedad de clientes en diferentes \u00e1reas. Nuestras principales \u00e1reas son: Construcci\u00f3n: Estamos especializados en ofrecer soluciones innovadoras de construcci\u00f3n para una amplia gama de proyectos. Nuestro equipo calificado est\u00e1 listo para llevar a cabo sus proyectos. Dise\u00f1o &hellip; <\/p>\n<p class=\"link-more\"><a href=\"https:\/\/afmmetallerie.fr\/index.php\/es\/sectores-de-actividad\/\" class=\"more-link\">Lire la suite de<span class=\"screen-reader-text\">\u00ab\u00a0Sectores de actividad\u00a0\u00bb<\/span><\/a><\/p>\n","protected":false},"author":1,"featured_media":0,"parent":0,"menu_order":0,"comment_status":"closed","ping_status":"closed","template":"","meta":{"footnotes":""},"class_list":["post-7349","page","type-page","status-publish","hentry"],"featured_media_urls":[],"_links":{"self":[{"href":"https:\/\/afmmetallerie.fr\/index.php\/wp-json\/wp\/v2\/pages\/7349","targetHints":{"allow":["GET"]}}],"collection":[{"href":"https:\/\/afmmetallerie.fr\/index.php\/wp-json\/wp\/v2\/pages"}],"about":[{"href":"https:\/\/afmmetallerie.fr\/index.php\/wp-json\/wp\/v2\/types\/page"}],"author":[{"embeddable":true,"href":"https:\/\/afmmetallerie.fr\/index.php\/wp-json\/wp\/v2\/users\/1"}],"replies":[{"embeddable":true,"href":"https:\/\/afmmetallerie.fr\/index.php\/wp-json\/wp\/v2\/comments?post=7349"}],"version-history":[{"count":16,"href":"https:\/\/afmmetallerie.fr\/index.php\/wp-json\/wp\/v2\/pages\/7349\/revisions"}],"predecessor-version":[{"id":7588,"href":"https:\/\/afmmetallerie.fr\/index.php\/wp-json\/wp\/v2\/pages\/7349\/revisions\/7588"}],"wp:attachment":[{"href":"https:\/\/afmmetallerie.fr\/index.php\/wp-json\/wp\/v2\/media?parent=7349"}],"curies":[{"name":"wp","href":"https:\/\/api.w.org\/{rel}","templated":true}]}}