{"id":7354,"date":"2024-05-10T14:48:22","date_gmt":"2024-05-10T12:48:22","guid":{"rendered":"https:\/\/afmmetallerie.fr\/?page_id=7354"},"modified":"2024-05-12T20:01:26","modified_gmt":"2024-05-12T18:01:26","slug":"relaciones-clientes","status":"publish","type":"page","link":"https:\/\/afmmetallerie.fr\/index.php\/es\/relaciones-clientes\/","title":{"rendered":"Relaciones clientes"},"content":{"rendered":"\t\t<div data-elementor-type=\"wp-page\" data-elementor-id=\"7354\" class=\"elementor elementor-7354\">\n\t\t\t\t<div class=\"elementor-element elementor-element-30326d4 e-flex e-con-boxed e-con e-parent\" data-id=\"30326d4\" data-element_type=\"container\">\n\t\t\t\t\t<div class=\"e-con-inner\">\n\t\t<div class=\"elementor-element elementor-element-575c62f e-con-full e-flex e-con e-child\" data-id=\"575c62f\" data-element_type=\"container\">\n\t\t\t\t<div class=\"elementor-element elementor-element-da61604 elementor-widget elementor-widget-spacer\" data-id=\"da61604\" data-element_type=\"widget\" data-widget_type=\"spacer.default\">\n\t\t\t\t<div class=\"elementor-widget-container\">\n\t\t\t<style>\/*! elementor - v3.21.0 - 25-04-2024 *\/\n.elementor-column .elementor-spacer-inner{height:var(--spacer-size)}.e-con{--container-widget-width:100%}.e-con-inner>.elementor-widget-spacer,.e-con>.elementor-widget-spacer{width:var(--container-widget-width,var(--spacer-size));--align-self:var(--container-widget-align-self,initial);--flex-shrink:0}.e-con-inner>.elementor-widget-spacer>.elementor-widget-container,.e-con>.elementor-widget-spacer>.elementor-widget-container{height:100%;width:100%}.e-con-inner>.elementor-widget-spacer>.elementor-widget-container>.elementor-spacer,.e-con>.elementor-widget-spacer>.elementor-widget-container>.elementor-spacer{height:100%}.e-con-inner>.elementor-widget-spacer>.elementor-widget-container>.elementor-spacer>.elementor-spacer-inner,.e-con>.elementor-widget-spacer>.elementor-widget-container>.elementor-spacer>.elementor-spacer-inner{height:var(--container-widget-height,var(--spacer-size))}.e-con-inner>.elementor-widget-spacer.elementor-widget-empty,.e-con>.elementor-widget-spacer.elementor-widget-empty{position:relative;min-height:22px;min-width:22px}.e-con-inner>.elementor-widget-spacer.elementor-widget-empty .elementor-widget-empty-icon,.e-con>.elementor-widget-spacer.elementor-widget-empty .elementor-widget-empty-icon{position:absolute;top:0;bottom:0;left:0;right:0;margin:auto;padding:0;width:22px;height:22px}<\/style>\t\t<div class=\"elementor-spacer\">\n\t\t\t<div class=\"elementor-spacer-inner\"><\/div>\n\t\t<\/div>\n\t\t\t\t<\/div>\n\t\t\t\t<\/div>\n\t\t\t\t<div class=\"elementor-element elementor-element-fd823e5 elementor-widget elementor-widget-image\" data-id=\"fd823e5\" data-element_type=\"widget\" data-widget_type=\"image.default\">\n\t\t\t\t<div class=\"elementor-widget-container\">\n\t\t\t<style>\/*! elementor - v3.21.0 - 25-04-2024 *\/\n.elementor-widget-image{text-align:center}.elementor-widget-image a{display:inline-block}.elementor-widget-image a img[src$=\".svg\"]{width:48px}.elementor-widget-image img{vertical-align:middle;display:inline-block}<\/style>\t\t\t\t\t\t\t\t\t\t<img decoding=\"async\" width=\"182\" height=\"182\" src=\"https:\/\/afmmetallerie.fr\/wp-content\/uploads\/2024\/03\/cropped-Capture-decran-2024-03-15-a-14.28.13.png\" class=\"attachment-large size-large wp-image-58\" alt=\"\" srcset=\"https:\/\/afmmetallerie.fr\/wp-content\/uploads\/2024\/03\/cropped-Capture-decran-2024-03-15-a-14.28.13.png 182w, https:\/\/afmmetallerie.fr\/wp-content\/uploads\/2024\/03\/cropped-Capture-decran-2024-03-15-a-14.28.13-150x150.png 150w, https:\/\/afmmetallerie.fr\/wp-content\/uploads\/2024\/03\/cropped-Capture-decran-2024-03-15-a-14.28.13-98x98.png 98w, https:\/\/afmmetallerie.fr\/wp-content\/uploads\/2024\/03\/cropped-Capture-decran-2024-03-15-a-14.28.13-68x68.png 68w\" sizes=\"100vw\" \/>\t\t\t\t\t\t\t\t\t\t\t\t\t<\/div>\n\t\t\t\t<\/div>\n\t\t\t\t<\/div>\n\t\t<div class=\"elementor-element elementor-element-b2118ac e-con-full e-flex e-con e-child\" data-id=\"b2118ac\" data-element_type=\"container\">\n\t\t\t\t<div class=\"elementor-element elementor-element-201a466 elementor-widget elementor-widget-text-editor\" data-id=\"201a466\" data-element_type=\"widget\" data-widget_type=\"text-editor.default\">\n\t\t\t\t<div class=\"elementor-widget-container\">\n\t\t\t<style>\/*! elementor - v3.21.0 - 25-04-2024 *\/\n.elementor-widget-text-editor.elementor-drop-cap-view-stacked .elementor-drop-cap{background-color:#69727d;color:#fff}.elementor-widget-text-editor.elementor-drop-cap-view-framed .elementor-drop-cap{color:#69727d;border:3px solid;background-color:transparent}.elementor-widget-text-editor:not(.elementor-drop-cap-view-default) .elementor-drop-cap{margin-top:8px}.elementor-widget-text-editor:not(.elementor-drop-cap-view-default) .elementor-drop-cap-letter{width:1em;height:1em}.elementor-widget-text-editor .elementor-drop-cap{float:left;text-align:center;line-height:1;font-size:50px}.elementor-widget-text-editor .elementor-drop-cap-letter{display:inline-block}<\/style>\t\t\t\t<h2 style=\"text-align: center;\"><span style=\"color: #000000;\">En AFM M\u00e9tallerie, colocamos a nuestros clientes en el coraz\u00f3n de todo lo que hacemos.<\/span><\/h2><h4 style=\"text-align: center;\"><span style=\"color: #000000;\">Nuestro compromiso contigo se refleja en:<\/span><\/h4><h4 style=\"text-align: center;\"><span style=\"color: #000000;\">Calidad Inigualable: Productos met\u00e1licos de la m\u00e1s alta calidad, que cumplen con tus est\u00e1ndares m\u00e1s exigentes.<\/span><\/h4><h4 style=\"text-align: center;\"><span style=\"color: #000000;\">Servicio al Cliente Personalizado: Un equipo dedicado listo para atender tus necesidades espec\u00edficas y proporcionarte asistencia personalizada.<\/span><\/h4><h4 style=\"text-align: center;\"><span style=\"color: #000000;\">Total Flexibilidad: Soluciones a medida y flexibilidad para adaptarnos a tus requisitos \u00fanicos.<\/span><\/h4><h4 style=\"text-align: center;\"><span style=\"color: #000000;\">Alcance Global: Una red mundial para servir a nuestros clientes dondequiera que se encuentren.<\/span><\/h4><h4 style=\"text-align: center;\"><span style=\"color: #000000;\">Escucha Activa: Tus comentarios impulsan nuestra mejora continua.<\/span><\/h4><h2 style=\"text-align: center;\"><span style=\"color: #000000;\">Gracias por confiar en nosotros para tus necesidades en metalurgia.<\/span><\/h2>\t\t\t\t\t\t<\/div>\n\t\t\t\t<\/div>\n\t\t\t\t<\/div>\n\t\t\t\t\t<\/div>\n\t\t\t\t<\/div>\n\t\t\t\t<\/div>\n\t\t","protected":false},"excerpt":{"rendered":"<p>En AFM M\u00e9tallerie, colocamos a nuestros clientes en el coraz\u00f3n de todo lo que hacemos. Nuestro compromiso contigo se refleja en: Calidad Inigualable: Productos met\u00e1licos de la m\u00e1s alta calidad, que cumplen con tus est\u00e1ndares m\u00e1s exigentes. Servicio al Cliente Personalizado: Un equipo dedicado listo para atender tus necesidades espec\u00edficas y proporcionarte asistencia personalizada. Total &hellip; <\/p>\n<p class=\"link-more\"><a href=\"https:\/\/afmmetallerie.fr\/index.php\/es\/relaciones-clientes\/\" class=\"more-link\">Lire la suite de<span class=\"screen-reader-text\">\u00ab\u00a0Relaciones clientes\u00a0\u00bb<\/span><\/a><\/p>\n","protected":false},"author":1,"featured_media":0,"parent":0,"menu_order":0,"comment_status":"closed","ping_status":"closed","template":"","meta":{"footnotes":""},"class_list":["post-7354","page","type-page","status-publish","hentry"],"featured_media_urls":[],"_links":{"self":[{"href":"https:\/\/afmmetallerie.fr\/index.php\/wp-json\/wp\/v2\/pages\/7354","targetHints":{"allow":["GET"]}}],"collection":[{"href":"https:\/\/afmmetallerie.fr\/index.php\/wp-json\/wp\/v2\/pages"}],"about":[{"href":"https:\/\/afmmetallerie.fr\/index.php\/wp-json\/wp\/v2\/types\/page"}],"author":[{"embeddable":true,"href":"https:\/\/afmmetallerie.fr\/index.php\/wp-json\/wp\/v2\/users\/1"}],"replies":[{"embeddable":true,"href":"https:\/\/afmmetallerie.fr\/index.php\/wp-json\/wp\/v2\/comments?post=7354"}],"version-history":[{"count":4,"href":"https:\/\/afmmetallerie.fr\/index.php\/wp-json\/wp\/v2\/pages\/7354\/revisions"}],"predecessor-version":[{"id":7611,"href":"https:\/\/afmmetallerie.fr\/index.php\/wp-json\/wp\/v2\/pages\/7354\/revisions\/7611"}],"wp:attachment":[{"href":"https:\/\/afmmetallerie.fr\/index.php\/wp-json\/wp\/v2\/media?parent=7354"}],"curies":[{"name":"wp","href":"https:\/\/api.w.org\/{rel}","templated":true}]}}